{"id":1329,"date":"2016-02-12T07:54:41","date_gmt":"2016-02-12T07:54:41","guid":{"rendered":"http:\/\/demos.famethemes.com\/onepress-plus\/?page_id=4"},"modified":"2026-02-20T13:51:46","modified_gmt":"2026-02-20T12:51:46","slug":"home-2","status":"publish","type":"page","link":"https:\/\/teachertraining.studyinireland.ie\/de\/","title":{"rendered":"English and Training Course for Teachers"},"content":{"rendered":"<div class=\"wpb-content-wrapper\"><div class=\"vc_row wpb_row vc_row-fluid\"><div class=\"wpb_column vc_column_container vc_col-sm-12\"><div class=\"vc_column-inner\"><div class=\"wpb_wrapper\"><h1 style=\"text-align: left\" class=\"vc_custom_heading vc_do_custom_heading\" >Englisch und Fortbildungskurse f\u00fcr Lehrer<\/h1><h3 style=\"text-align: left\" class=\"vc_custom_heading vc_do_custom_heading\" >STUDIEREN SIE ENGLISCH IN IRLAND.<\/h3><h2 style=\"text-align: left\" class=\"vc_custom_heading vc_do_custom_heading\" >Erasmus+-F\u00f6rderung verf\u00fcgbar.<\/h2><\/div><\/div><\/div><\/div>\n<\/div>","protected":false},"excerpt":{"rendered":"Englisch- und Fortbildungskurse f\u00fcr LehrerEnglisch studieren in Irland - Erasmus+-F\u00f6rderung m\u00f6glich.","protected":false},"author":1,"featured_media":7243,"parent":0,"menu_order":0,"comment_status":"closed","ping_status":"closed","template":"template-frontpage.php","meta":{"footnotes":""},"class_list":["post-1329","page","type-page","status-publish","has-post-thumbnail","hentry"],"_links":{"self":[{"href":"https:\/\/teachertraining.studyinireland.ie\/de\/wp-json\/wp\/v2\/pages\/1329","targetHints":{"allow":["GET"]}}],"collection":[{"href":"https:\/\/teachertraining.studyinireland.ie\/de\/wp-json\/wp\/v2\/pages"}],"about":[{"href":"https:\/\/teachertraining.studyinireland.ie\/de\/wp-json\/wp\/v2\/types\/page"}],"author":[{"embeddable":true,"href":"https:\/\/teachertraining.studyinireland.ie\/de\/wp-json\/wp\/v2\/users\/1"}],"replies":[{"embeddable":true,"href":"https:\/\/teachertraining.studyinireland.ie\/de\/wp-json\/wp\/v2\/comments?post=1329"}],"version-history":[{"count":12,"href":"https:\/\/teachertraining.studyinireland.ie\/de\/wp-json\/wp\/v2\/pages\/1329\/revisions"}],"predecessor-version":[{"id":105640,"href":"https:\/\/teachertraining.studyinireland.ie\/de\/wp-json\/wp\/v2\/pages\/1329\/revisions\/105640"}],"wp:featuredmedia":[{"embeddable":true,"href":"https:\/\/teachertraining.studyinireland.ie\/de\/wp-json\/wp\/v2\/media\/7243"}],"wp:attachment":[{"href":"https:\/\/teachertraining.studyinireland.ie\/de\/wp-json\/wp\/v2\/media?parent=1329"}],"curies":[{"name":"wp","href":"https:\/\/api.w.org\/{rel}","templated":true}]}}